{"id":1288,"date":"2025-07-04T11:29:25","date_gmt":"2025-07-04T09:29:25","guid":{"rendered":"https:\/\/cvt.lylo.ch\/?page_id=1288"},"modified":"2025-12-17T17:21:20","modified_gmt":"2025-12-17T16:21:20","slug":"rapports-annuels","status":"publish","type":"page","link":"https:\/\/tourismevs.ch\/de\/rapports-annuels\/","title":{"rendered":"Gesch\u00e4ftsberichte"},"content":{"rendered":"","protected":false},"excerpt":{"rendered":"<p>Hier finden Sie alle Gesch\u00e4ftsberichte der Walliser Tourismuskammer. Sie bieten Ihnen einen \u00dcberblick \u00fcber unsere Aktivit\u00e4ten und die j\u00e4hrlich umgesetzten Massnahmen zu Gunsten des Walliser Tourismus.<\/p>","protected":false},"author":2,"featured_media":1289,"parent":0,"menu_order":0,"comment_status":"closed","ping_status":"closed","template":"","meta":{"_acf_changed":false,"footnotes":""},"class_list":["post-1288","page","type-page","status-publish","has-post-thumbnail","hentry"],"acf":[],"_links":{"self":[{"href":"https:\/\/tourismevs.ch\/de\/wp-json\/wp\/v2\/pages\/1288","targetHints":{"allow":["GET"]}}],"collection":[{"href":"https:\/\/tourismevs.ch\/de\/wp-json\/wp\/v2\/pages"}],"about":[{"href":"https:\/\/tourismevs.ch\/de\/wp-json\/wp\/v2\/types\/page"}],"author":[{"embeddable":true,"href":"https:\/\/tourismevs.ch\/de\/wp-json\/wp\/v2\/users\/2"}],"replies":[{"embeddable":true,"href":"https:\/\/tourismevs.ch\/de\/wp-json\/wp\/v2\/comments?post=1288"}],"version-history":[{"count":4,"href":"https:\/\/tourismevs.ch\/de\/wp-json\/wp\/v2\/pages\/1288\/revisions"}],"predecessor-version":[{"id":2100,"href":"https:\/\/tourismevs.ch\/de\/wp-json\/wp\/v2\/pages\/1288\/revisions\/2100"}],"wp:featuredmedia":[{"embeddable":true,"href":"https:\/\/tourismevs.ch\/de\/wp-json\/wp\/v2\/media\/1289"}],"wp:attachment":[{"href":"https:\/\/tourismevs.ch\/de\/wp-json\/wp\/v2\/media?parent=1288"}],"curies":[{"name":"wp","href":"https:\/\/api.w.org\/{rel}","templated":true}]}}