{"id":503,"date":"2025-06-25T17:41:29","date_gmt":"2025-06-25T15:41:29","guid":{"rendered":"https:\/\/cvt.lylo.ch\/?page_id=503"},"modified":"2026-02-05T14:30:31","modified_gmt":"2026-02-05T13:30:31","slug":"a-propos-de-nous","status":"publish","type":"page","link":"https:\/\/tourismevs.ch\/de\/a-propos-de-nous\/","title":{"rendered":"\u00dcber uns"},"content":{"rendered":"","protected":false},"excerpt":{"rendered":"<p>Die Walliser Tourismuskammer (WTK) wurde 2012 gegr\u00fcndet und ist die Dachorganisation des Walliser Tourismus. Sie umfasst rund 200 Mitglieder (Verb\u00e4nde, Destinationen, Gemeinden und andere Akteure der Branche) und vertritt deren Interessen gegen\u00fcber politischen und wirtschaftlichen Instanzen.<\/p>","protected":false},"author":2,"featured_media":715,"parent":0,"menu_order":0,"comment_status":"closed","ping_status":"closed","template":"","meta":{"_acf_changed":false,"footnotes":""},"class_list":["post-503","page","type-page","status-publish","has-post-thumbnail","hentry"],"acf":[],"_links":{"self":[{"href":"https:\/\/tourismevs.ch\/de\/wp-json\/wp\/v2\/pages\/503","targetHints":{"allow":["GET"]}}],"collection":[{"href":"https:\/\/tourismevs.ch\/de\/wp-json\/wp\/v2\/pages"}],"about":[{"href":"https:\/\/tourismevs.ch\/de\/wp-json\/wp\/v2\/types\/page"}],"author":[{"embeddable":true,"href":"https:\/\/tourismevs.ch\/de\/wp-json\/wp\/v2\/users\/2"}],"replies":[{"embeddable":true,"href":"https:\/\/tourismevs.ch\/de\/wp-json\/wp\/v2\/comments?post=503"}],"version-history":[{"count":54,"href":"https:\/\/tourismevs.ch\/de\/wp-json\/wp\/v2\/pages\/503\/revisions"}],"predecessor-version":[{"id":2412,"href":"https:\/\/tourismevs.ch\/de\/wp-json\/wp\/v2\/pages\/503\/revisions\/2412"}],"wp:featuredmedia":[{"embeddable":true,"href":"https:\/\/tourismevs.ch\/de\/wp-json\/wp\/v2\/media\/715"}],"wp:attachment":[{"href":"https:\/\/tourismevs.ch\/de\/wp-json\/wp\/v2\/media?parent=503"}],"curies":[{"name":"wp","href":"https:\/\/api.w.org\/{rel}","templated":true}]}}