{"id":509,"date":"2025-06-25T17:42:04","date_gmt":"2025-06-25T15:42:04","guid":{"rendered":"https:\/\/cvt.lylo.ch\/?page_id=509"},"modified":"2026-01-21T11:10:22","modified_gmt":"2026-01-21T10:10:22","slug":"devenir-membre","status":"publish","type":"page","link":"https:\/\/tourismevs.ch\/de\/devenir-membre\/","title":{"rendered":"Mitglied werden"},"content":{"rendered":"","protected":false},"excerpt":{"rendered":"<p>Die Walliser Tourismuskammer vereint rund 200 Mitglieder aus allen Bereichen des Walliser Tourismus. Zu ihren Einzel- und Kollektivmitglieder z\u00e4hlen Gemeinden, Tourismusb\u00fcros (mehr als die H\u00e4lfte ihrer Mitglieder) sowie grosse Branchenverb\u00e4nde, welche auch im Vorstand vertreten sind.<\/p>","protected":false},"author":2,"featured_media":711,"parent":0,"menu_order":0,"comment_status":"closed","ping_status":"closed","template":"","meta":{"_acf_changed":false,"footnotes":""},"class_list":["post-509","page","type-page","status-publish","has-post-thumbnail","hentry"],"acf":[],"_links":{"self":[{"href":"https:\/\/tourismevs.ch\/de\/wp-json\/wp\/v2\/pages\/509","targetHints":{"allow":["GET"]}}],"collection":[{"href":"https:\/\/tourismevs.ch\/de\/wp-json\/wp\/v2\/pages"}],"about":[{"href":"https:\/\/tourismevs.ch\/de\/wp-json\/wp\/v2\/types\/page"}],"author":[{"embeddable":true,"href":"https:\/\/tourismevs.ch\/de\/wp-json\/wp\/v2\/users\/2"}],"replies":[{"embeddable":true,"href":"https:\/\/tourismevs.ch\/de\/wp-json\/wp\/v2\/comments?post=509"}],"version-history":[{"count":57,"href":"https:\/\/tourismevs.ch\/de\/wp-json\/wp\/v2\/pages\/509\/revisions"}],"predecessor-version":[{"id":2392,"href":"https:\/\/tourismevs.ch\/de\/wp-json\/wp\/v2\/pages\/509\/revisions\/2392"}],"wp:featuredmedia":[{"embeddable":true,"href":"https:\/\/tourismevs.ch\/de\/wp-json\/wp\/v2\/media\/711"}],"wp:attachment":[{"href":"https:\/\/tourismevs.ch\/de\/wp-json\/wp\/v2\/media?parent=509"}],"curies":[{"name":"wp","href":"https:\/\/api.w.org\/{rel}","templated":true}]}}