{"id":515,"date":"2025-06-25T17:42:58","date_gmt":"2025-06-25T15:42:58","guid":{"rendered":"https:\/\/cvt.lylo.ch\/?page_id=515"},"modified":"2025-12-17T17:15:59","modified_gmt":"2025-12-17T16:15:59","slug":"instruments-de-soutien","status":"publish","type":"page","link":"https:\/\/tourismevs.ch\/de\/instruments-de-soutien\/","title":{"rendered":"F\u00f6rderinstrumente"},"content":{"rendered":"","protected":false},"excerpt":{"rendered":"<p>Die verschiedenen M\u00f6glichkeiten zur F\u00f6rderung der Tourismusentwicklung werden im Folgenden vorgestellt. Um die f\u00fcr Ihr Projekt am besten geeignete Finanzierungsl\u00f6sung zu finden oder detaillierte Informationen zu erhalten, wenden Sie sich bitte an die Wirtschaftsf\u00f6rderung Wallis.<\/p>","protected":false},"author":2,"featured_media":161,"parent":0,"menu_order":0,"comment_status":"closed","ping_status":"closed","template":"","meta":{"_acf_changed":false,"footnotes":""},"class_list":["post-515","page","type-page","status-publish","has-post-thumbnail","hentry"],"acf":[],"_links":{"self":[{"href":"https:\/\/tourismevs.ch\/de\/wp-json\/wp\/v2\/pages\/515","targetHints":{"allow":["GET"]}}],"collection":[{"href":"https:\/\/tourismevs.ch\/de\/wp-json\/wp\/v2\/pages"}],"about":[{"href":"https:\/\/tourismevs.ch\/de\/wp-json\/wp\/v2\/types\/page"}],"author":[{"embeddable":true,"href":"https:\/\/tourismevs.ch\/de\/wp-json\/wp\/v2\/users\/2"}],"replies":[{"embeddable":true,"href":"https:\/\/tourismevs.ch\/de\/wp-json\/wp\/v2\/comments?post=515"}],"version-history":[{"count":6,"href":"https:\/\/tourismevs.ch\/de\/wp-json\/wp\/v2\/pages\/515\/revisions"}],"predecessor-version":[{"id":2305,"href":"https:\/\/tourismevs.ch\/de\/wp-json\/wp\/v2\/pages\/515\/revisions\/2305"}],"wp:featuredmedia":[{"embeddable":true,"href":"https:\/\/tourismevs.ch\/de\/wp-json\/wp\/v2\/media\/161"}],"wp:attachment":[{"href":"https:\/\/tourismevs.ch\/de\/wp-json\/wp\/v2\/media?parent=515"}],"curies":[{"name":"wp","href":"https:\/\/api.w.org\/{rel}","templated":true}]}}